{"id":15198,"date":"2024-05-17T09:57:31","date_gmt":"2024-05-17T09:57:31","guid":{"rendered":"https:\/\/schimmeldid.com\/about\/"},"modified":"2025-01-23T14:06:59","modified_gmt":"2025-01-23T14:06:59","slug":"ueber-uns","status":"publish","type":"page","link":"https:\/\/schimmeldid.com\/de\/ueber-uns\/","title":{"rendered":"\u00dcber uns"},"content":{"rendered":"\t\t<div data-elementor-type=\"wp-page\" data-elementor-id=\"15198\" class=\"elementor elementor-15198\" data-elementor-post-type=\"page\">\n\t\t\t\t<div class=\"elementor-element elementor-element-0b88976 e-con-full e-flex e-con e-parent\" data-id=\"0b88976\" data-element_type=\"container\">\n\t\t<div class=\"elementor-element elementor-element-211478f e-flex e-con-boxed e-con e-child\" data-id=\"211478f\" data-element_type=\"container\">\n\t\t\t\t\t<div class=\"e-con-inner\">\n\t\t\t\t<div class=\"elementor-element elementor-element-d27ca74 elementor-widget elementor-widget-the7-heading\" data-id=\"d27ca74\" data-element_type=\"widget\" data-widget_type=\"the7-heading.default\">\n\t\t\t\t<div class=\"elementor-widget-container\">\n\t\t\t\t\t<h3 class=\"the7-heading-title elementor-size-default\">Fortschritt durch Innovation<\/h3>\t\t\t\t<\/div>\n\t\t\t\t<\/div>\n\t\t\t\t<div class=\"elementor-element elementor-element-b06e93f elementor-widget elementor-widget-global elementor-global-16758 elementor-widget-spacer\" data-id=\"b06e93f\" data-element_type=\"widget\" data-widget_type=\"spacer.default\">\n\t\t\t\t<div class=\"elementor-widget-container\">\n\t\t\t\t\t\t\t<div class=\"elementor-spacer\">\n\t\t\t<div class=\"elementor-spacer-inner\"><\/div>\n\t\t<\/div>\n\t\t\t\t\t\t<\/div>\n\t\t\t\t<\/div>\n\t\t\t\t\t<\/div>\n\t\t\t\t<\/div>\n\t\t<div class=\"elementor-element elementor-element-aceeffd e-flex e-con-boxed e-con e-child\" data-id=\"aceeffd\" data-element_type=\"container\">\n\t\t\t\t\t<div class=\"e-con-inner\">\n\t\t<div class=\"elementor-element elementor-element-bc9a351 e-con-full e-flex e-con e-child\" data-id=\"bc9a351\" data-element_type=\"container\" data-settings=\"{&quot;background_background&quot;:&quot;classic&quot;}\">\n\t\t<div class=\"elementor-element elementor-element-87d48a9 e-con-full e-flex e-con e-child\" data-id=\"87d48a9\" data-element_type=\"container\">\n\t\t\t\t<div class=\"elementor-element elementor-element-716fde9 elementor-widget-tablet__width-inherit elementor-widget elementor-widget-the7-heading\" data-id=\"716fde9\" data-element_type=\"widget\" data-widget_type=\"the7-heading.default\">\n\t\t\t\t<div class=\"elementor-widget-container\">\n\t\t\t\t\t<h3 class=\"the7-heading-title elementor-size-default\">Maschinenbau trifft Trockeneisreinigung<\/h3>\t\t\t\t<\/div>\n\t\t\t\t<\/div>\n\t\t\t\t<div class=\"elementor-element elementor-element-831938e elementor-widget-tablet__width-inherit elementor-widget elementor-widget-text-editor\" data-id=\"831938e\" data-element_type=\"widget\" data-widget_type=\"text-editor.default\">\n\t\t\t\t<div class=\"elementor-widget-container\">\n\t\t\t\t\t\t\t\t\tMit \u00fcber zwei Jahrzehnten Erfahrung im Maschinenbau stehen wir f\u00fcr Qualit\u00e4t, Zuverl\u00e4ssigkeit und durchdachte Technologien. Seit 2018 widmen wir uns der Trockeneisstrahltechnologie und haben bereits 2019 ein Patent entwickelt, das neue Ma\u00dfst\u00e4be setzt.\t\t\t\t\t\t\t\t<\/div>\n\t\t\t\t<\/div>\n\t\t<div class=\"elementor-element elementor-element-c1b8ca6 e-grid e-con-boxed e-con e-child\" data-id=\"c1b8ca6\" data-element_type=\"container\">\n\t\t\t\t\t<div class=\"e-con-inner\">\n\t\t<div class=\"elementor-element elementor-element-cded331 e-con-full e-flex e-con e-child\" data-id=\"cded331\" data-element_type=\"container\">\n\t\t\t\t<div class=\"elementor-element elementor-element-6524f4d elementor-widget elementor-widget-the7-heading\" data-id=\"6524f4d\" data-element_type=\"widget\" data-widget_type=\"the7-heading.default\">\n\t\t\t\t<div class=\"elementor-widget-container\">\n\t\t\t\t\t<h5 class=\"the7-heading-title elementor-size-default\">20+<\/h5>\t\t\t\t<\/div>\n\t\t\t\t<\/div>\n\t\t\t\t<div class=\"elementor-element elementor-element-a22eca1 elementor-widget elementor-widget-the7-heading\" data-id=\"a22eca1\" data-element_type=\"widget\" data-widget_type=\"the7-heading.default\">\n\t\t\t\t<div class=\"elementor-widget-container\">\n\t\t\t\t\t<h5 class=\"the7-heading-title elementor-size-default\">Jahre Erfahrung im Maschinenbau<\/h5>\t\t\t\t<\/div>\n\t\t\t\t<\/div>\n\t\t\t\t<\/div>\n\t\t<div class=\"elementor-element elementor-element-890d0c9 e-con-full e-flex e-con e-child\" data-id=\"890d0c9\" data-element_type=\"container\">\n\t\t\t\t<div class=\"elementor-element elementor-element-1bd6f46 elementor-widget elementor-widget-the7-heading\" data-id=\"1bd6f46\" data-element_type=\"widget\" data-widget_type=\"the7-heading.default\">\n\t\t\t\t<div class=\"elementor-widget-container\">\n\t\t\t\t\t<h6 class=\"the7-heading-title elementor-size-default\">5+<\/h6>\t\t\t\t<\/div>\n\t\t\t\t<\/div>\n\t\t\t\t<div class=\"elementor-element elementor-element-90117c0 elementor-widget elementor-widget-the7-heading\" data-id=\"90117c0\" data-element_type=\"widget\" data-widget_type=\"the7-heading.default\">\n\t\t\t\t<div class=\"elementor-widget-container\">\n\t\t\t\t\t<h5 class=\"the7-heading-title elementor-size-default\">Jahre Erfahrung im Bereich Trockeneis<\/h5>\t\t\t\t<\/div>\n\t\t\t\t<\/div>\n\t\t\t\t<\/div>\n\t\t<div class=\"elementor-element elementor-element-8d95200 e-con-full e-flex e-con e-child\" data-id=\"8d95200\" data-element_type=\"container\">\n\t\t\t\t<div class=\"elementor-element elementor-element-78cdecc elementor-widget elementor-widget-the7-heading\" data-id=\"78cdecc\" data-element_type=\"widget\" data-widget_type=\"the7-heading.default\">\n\t\t\t\t<div class=\"elementor-widget-container\">\n\t\t\t\t\t<h6 class=\"the7-heading-title elementor-size-default\">1<\/h6>\t\t\t\t<\/div>\n\t\t\t\t<\/div>\n\t\t\t\t<div class=\"elementor-element elementor-element-4ee9c57 elementor-widget elementor-widget-the7-heading\" data-id=\"4ee9c57\" data-element_type=\"widget\" data-widget_type=\"the7-heading.default\">\n\t\t\t\t<div class=\"elementor-widget-container\">\n\t\t\t\t\t<h5 class=\"the7-heading-title elementor-size-default\">Patent<\/h5>\t\t\t\t<\/div>\n\t\t\t\t<\/div>\n\t\t\t\t<\/div>\n\t\t\t\t\t<\/div>\n\t\t\t\t<\/div>\n\t\t\t\t<\/div>\n\t\t\t\t<div class=\"elementor-element elementor-element-25c4682 elementor-widget__width-initial content-align-right the7-hover-visibility-disabled preserve-img-ratio-cover transform-overlay-yes exceeding-frame-yes elementor-widget elementor-widget-the7-image-widget\" data-id=\"25c4682\" data-element_type=\"widget\" data-settings=\"{&quot;hover_visibility&quot;:&quot;disabled&quot;}\" data-widget_type=\"the7-image-widget.default\">\n\t\t\t\t<div class=\"elementor-widget-container\">\n\t\t\t\t\t<div class=\"the7-image-container\"><div class=\"the7-image-wrapper the7-elementor-widget the7-transform-container\"><div class=\"post-thumbnail-rollover layzr-bg img-css-resize-wrapper\"><img fetchpriority=\"high\" decoding=\"async\" width=\"1275\" height=\"850\" src=\"data:image\/svg+xml,%3Csvg%20xmlns%3D&#039;http%3A%2F%2Fwww.w3.org%2F2000%2Fsvg&#039;%20viewBox%3D&#039;0%200%201275%20850&#039;%2F%3E\" class=\"attachment-full size-full preload-me aspect lazy lazy-load\" alt=\"\" sizes=\"(max-width: 1275px) 100vw, 1275px\" style=\"--ratio: 1275 \/ 850;\" data-src=\"https:\/\/schimmeldid.com\/wp-content\/uploads\/2025\/01\/3d-zeichnung-schimmel.webp\" loading=\"eager\" data-srcset=\"https:\/\/schimmeldid.com\/wp-content\/uploads\/2025\/01\/3d-zeichnung-schimmel.webp 1275w, https:\/\/schimmeldid.com\/wp-content\/uploads\/2025\/01\/3d-zeichnung-schimmel-300x200.webp 300w, https:\/\/schimmeldid.com\/wp-content\/uploads\/2025\/01\/3d-zeichnung-schimmel-1024x683.webp 1024w, https:\/\/schimmeldid.com\/wp-content\/uploads\/2025\/01\/3d-zeichnung-schimmel-768x512.webp 768w, https:\/\/schimmeldid.com\/wp-content\/uploads\/2025\/01\/3d-zeichnung-schimmel-1000x667.webp 1000w\" \/><\/div><\/div><\/div>\t\t\t\t<\/div>\n\t\t\t\t<\/div>\n\t\t\t\t<\/div>\n\t\t<div class=\"elementor-element elementor-element-972b022 e-con-full e-flex e-con e-child\" data-id=\"972b022\" data-element_type=\"container\">\n\t\t\t\t<div class=\"elementor-element elementor-element-a3826b2 elementor-widget__width-initial content-align-left the7-hover-visibility-disabled preserve-img-ratio-cover transform-overlay-yes exceeding-frame-yes elementor-widget elementor-widget-the7-image-widget\" data-id=\"a3826b2\" data-element_type=\"widget\" data-settings=\"{&quot;hover_visibility&quot;:&quot;disabled&quot;}\" data-widget_type=\"the7-image-widget.default\">\n\t\t\t\t<div class=\"elementor-widget-container\">\n\t\t\t\t\t<div class=\"the7-image-container\"><div class=\"the7-image-wrapper the7-elementor-widget the7-transform-container\"><div class=\"post-thumbnail-rollover layzr-bg img-css-resize-wrapper\"><img decoding=\"async\" width=\"900\" height=\"600\" src=\"data:image\/svg+xml,%3Csvg%20xmlns%3D&#039;http%3A%2F%2Fwww.w3.org%2F2000%2Fsvg&#039;%20viewBox%3D&#039;0%200%20900%20600&#039;%2F%3E\" class=\"attachment-full size-full preload-me aspect lazy lazy-load\" alt=\"\" sizes=\"(max-width: 900px) 100vw, 900px\" style=\"--ratio: 900 \/ 600;\" data-src=\"https:\/\/schimmeldid.com\/wp-content\/uploads\/2025\/01\/schimmel-trockeneisstrahlpistole.webp\" loading=\"eager\" data-srcset=\"https:\/\/schimmeldid.com\/wp-content\/uploads\/2025\/01\/schimmel-trockeneisstrahlpistole.webp 900w, https:\/\/schimmeldid.com\/wp-content\/uploads\/2025\/01\/schimmel-trockeneisstrahlpistole-300x200.webp 300w, https:\/\/schimmeldid.com\/wp-content\/uploads\/2025\/01\/schimmel-trockeneisstrahlpistole-768x512.webp 768w\" \/><\/div><\/div><\/div>\t\t\t\t<\/div>\n\t\t\t\t<\/div>\n\t\t<div class=\"elementor-element elementor-element-1fe8385 e-con-full e-flex e-con e-child\" data-id=\"1fe8385\" data-element_type=\"container\">\n\t\t\t\t<div class=\"elementor-element elementor-element-3c6c6f0 elementor-widget-tablet__width-inherit elementor-widget elementor-widget-the7-heading\" data-id=\"3c6c6f0\" data-element_type=\"widget\" data-widget_type=\"the7-heading.default\">\n\t\t\t\t<div class=\"elementor-widget-container\">\n\t\t\t\t\t<h3 class=\"the7-heading-title elementor-size-default\">Innovativ, wartungsarm und zuverl\u00e4ssig<\/h3>\t\t\t\t<\/div>\n\t\t\t\t<\/div>\n\t\t\t\t<div class=\"elementor-element elementor-element-5c4844f elementor-widget-tablet__width-inherit elementor-widget elementor-widget-text-editor\" data-id=\"5c4844f\" data-element_type=\"widget\" data-widget_type=\"text-editor.default\">\n\t\t\t\t<div class=\"elementor-widget-container\">\n\t\t\t\t\t\t\t\t\t<p>Unsere Trockeneisstrahlger\u00e4te kommen ohne bewegliche Mechanik, Pneumatikzylinder oder Elektrik aus. Ein entscheidender Vorteil, denn die gr\u00f6\u00dften Herausforderungen bei Trockeneisstrahlger\u00e4ten \u2013 wie Einfrieren und wartungsanf\u00e4llige Bauteile \u2013 l\u00f6sen wir mit einer innovativen Konstruktion: Das Trockeneis wird nach oben abgesaugt, anstatt wie \u00fcblich durch den Beh\u00e4lterboden. Dadurch bleibt die Maschine selbst nach l\u00e4ngeren Pausen von bis zu f\u00fcnf Stunden einsatzbereit.<\/p>\t\t\t\t\t\t\t\t<\/div>\n\t\t\t\t<\/div>\n\t\t\t\t<\/div>\n\t\t\t\t<\/div>\n\t\t<div class=\"elementor-element elementor-element-08b9b78 e-con-full e-flex e-con e-child\" data-id=\"08b9b78\" data-element_type=\"container\" data-settings=\"{&quot;background_background&quot;:&quot;classic&quot;}\">\n\t\t<div class=\"elementor-element elementor-element-3616015 e-con-full e-flex e-con e-child\" data-id=\"3616015\" data-element_type=\"container\">\n\t\t\t\t<div class=\"elementor-element elementor-element-c9ab65e elementor-widget-tablet__width-inherit elementor-widget elementor-widget-the7-heading\" data-id=\"c9ab65e\" data-element_type=\"widget\" data-widget_type=\"the7-heading.default\">\n\t\t\t\t<div class=\"elementor-widget-container\">\n\t\t\t\t\t<h3 class=\"the7-heading-title elementor-size-default\">Revolution\u00e4res D\u00fcsensystem<\/h3>\t\t\t\t<\/div>\n\t\t\t\t<\/div>\n\t\t\t\t<div class=\"elementor-element elementor-element-7dc71b0 elementor-widget-tablet__width-inherit elementor-widget elementor-widget-text-editor\" data-id=\"7dc71b0\" data-element_type=\"widget\" data-widget_type=\"text-editor.default\">\n\t\t\t\t<div class=\"elementor-widget-container\">\n\t\t\t\t\t\t\t\t\t<p>Unser 2019 entwickeltes D\u00fcsensystem hebt sich durch Flexibilit\u00e4t und Geschwindigkeit beim D\u00fcsenwechsel ab. Das Baukastensystem erlaubt es, Flachstrahld\u00fcsen individuell auf Kundenanforderungen zu fertigen, w\u00e4hrend die ultraschnelle D\u00fcsenarretierung den Wechsel innerhalb von Sekunden erm\u00f6glicht. Dieses System ist so durchdacht, dass es inzwischen von anderen Herstellern kopiert wird \u2013 f\u00fcr uns ein klares Zeichen, dass wir mit unseren Ideen den richtigen Weg gehen.<\/p>\t\t\t\t\t\t\t\t<\/div>\n\t\t\t\t<\/div>\n\t\t\t\t<\/div>\n\t\t\t\t<div class=\"elementor-element elementor-element-300a308 elementor-widget__width-initial content-align-right the7-hover-visibility-disabled preserve-img-ratio-cover transform-overlay-yes exceeding-frame-yes elementor-widget elementor-widget-the7-image-widget\" data-id=\"300a308\" data-element_type=\"widget\" data-settings=\"{&quot;hover_visibility&quot;:&quot;disabled&quot;}\" data-widget_type=\"the7-image-widget.default\">\n\t\t\t\t<div class=\"elementor-widget-container\">\n\t\t\t\t\t<div class=\"the7-image-container\"><div class=\"the7-image-wrapper the7-elementor-widget the7-transform-container\"><div class=\"post-thumbnail-rollover layzr-bg img-css-resize-wrapper\"><img decoding=\"async\" width=\"600\" height=\"600\" src=\"data:image\/svg+xml,%3Csvg%20xmlns%3D&#039;http%3A%2F%2Fwww.w3.org%2F2000%2Fsvg&#039;%20viewBox%3D&#039;0%200%20600%20600&#039;%2F%3E\" class=\"attachment-full size-full preload-me aspect lazy lazy-load\" alt=\"\" sizes=\"(max-width: 600px) 100vw, 600px\" style=\"--ratio: 600 \/ 600;\" data-src=\"https:\/\/schimmeldid.com\/wp-content\/uploads\/2024\/06\/strahlduesen-q.webp\" loading=\"eager\" data-srcset=\"https:\/\/schimmeldid.com\/wp-content\/uploads\/2024\/06\/strahlduesen-q.webp 600w, https:\/\/schimmeldid.com\/wp-content\/uploads\/2024\/06\/strahlduesen-q-300x300.webp 300w, https:\/\/schimmeldid.com\/wp-content\/uploads\/2024\/06\/strahlduesen-q-150x150.webp 150w, https:\/\/schimmeldid.com\/wp-content\/uploads\/2024\/06\/strahlduesen-q-200x200.webp 200w\" \/><\/div><\/div><\/div>\t\t\t\t<\/div>\n\t\t\t\t<\/div>\n\t\t\t\t<\/div>\n\t\t<div class=\"elementor-element elementor-element-1939eee e-con-full e-flex e-con e-child\" data-id=\"1939eee\" data-element_type=\"container\">\n\t\t\t\t<div class=\"elementor-element elementor-element-8ecf278 elementor-widget__width-initial content-align-left the7-hover-visibility-disabled preserve-img-ratio-cover transform-overlay-yes exceeding-frame-yes elementor-widget elementor-widget-the7-image-widget\" data-id=\"8ecf278\" data-element_type=\"widget\" data-settings=\"{&quot;hover_visibility&quot;:&quot;disabled&quot;}\" data-widget_type=\"the7-image-widget.default\">\n\t\t\t\t<div class=\"elementor-widget-container\">\n\t\t\t\t\t<div class=\"the7-image-container\"><div class=\"the7-image-wrapper the7-elementor-widget the7-transform-container\"><div class=\"post-thumbnail-rollover layzr-bg img-css-resize-wrapper\"><img decoding=\"async\" width=\"800\" height=\"533\" src=\"data:image\/svg+xml,%3Csvg%20xmlns%3D&#039;http%3A%2F%2Fwww.w3.org%2F2000%2Fsvg&#039;%20viewBox%3D&#039;0%200%20800%20533&#039;%2F%3E\" class=\"attachment-full size-full preload-me aspect lazy lazy-load\" alt=\"\" sizes=\"(max-width: 800px) 100vw, 800px\" style=\"--ratio: 800 \/ 533;\" data-src=\"https:\/\/schimmeldid.com\/wp-content\/uploads\/2025\/01\/material-2.webp\" loading=\"eager\" data-srcset=\"https:\/\/schimmeldid.com\/wp-content\/uploads\/2025\/01\/material-2.webp 800w, https:\/\/schimmeldid.com\/wp-content\/uploads\/2025\/01\/material-2-300x200.webp 300w, https:\/\/schimmeldid.com\/wp-content\/uploads\/2025\/01\/material-2-768x512.webp 768w\" \/><\/div><\/div><\/div>\t\t\t\t<\/div>\n\t\t\t\t<\/div>\n\t\t<div class=\"elementor-element elementor-element-0ae8155 e-con-full e-flex e-con e-child\" data-id=\"0ae8155\" data-element_type=\"container\">\n\t\t\t\t<div class=\"elementor-element elementor-element-c9c1ab3 elementor-widget-tablet__width-inherit elementor-widget elementor-widget-the7-heading\" data-id=\"c9c1ab3\" data-element_type=\"widget\" data-widget_type=\"the7-heading.default\">\n\t\t\t\t<div class=\"elementor-widget-container\">\n\t\t\t\t\t<h3 class=\"the7-heading-title elementor-size-default\"><h3 class=\"the7-heading-title elementor-size-default\" style=\"padding: 0px; margin: 0px; clear: none; color: var(--the7-h3-color); font-style: normal; font-variant-caps: normal; font-weight: ; font-stretch: ; font-size: ; line-height: ; font-family: Sora, sans-serif; font-size-adjust: ; font-kerning: ; font-variant-alternates: ; font-variant-ligatures: ; font-variant-numeric: ; font-variant-east-asian: ; font-variant-position: ; font-variant-emoji: ; font-feature-settings: ; font-optical-sizing: ; font-variation-settings: ; text-transform: none; letter-spacing: normal; word-spacing: 0px; text-decoration: none; box-sizing: border-box; transition: color 0.3s, text-shadow 0.3s; text-decoration-style: solid; orphans: auto; text-align: left; text-indent: 0px; white-space: normal; widows: auto; -webkit-text-stroke-width: 0px;\">Warum wir anders sind<\/h3><\/h3>\t\t\t\t<\/div>\n\t\t\t\t<\/div>\n\t\t\t\t<div class=\"elementor-element elementor-element-924034f elementor-widget-tablet__width-inherit elementor-widget elementor-widget-text-editor\" data-id=\"924034f\" data-element_type=\"widget\" data-widget_type=\"text-editor.default\">\n\t\t\t\t<div class=\"elementor-widget-container\">\n\t\t\t\t\t\t\t\t\t<p>Unsere Trockeneisstrahlger\u00e4te sind nicht nur leistungsstark, sondern auch wartungsarm und auf Nachhaltigkeit ausgelegt. Kunstoffe vermeiden wir so weit wie m\u00f6glich. Keine Kunstoffgeh\u00e4use! Wir stellen uns den Herausforderungen der Branche mit kreativen L\u00f6sungen und sorgen daf\u00fcr, dass Effizienz und Langlebigkeit Hand in Hand gehen.<br \/><br \/>Wenn Sie eine Maschine suchen, die zuverl\u00e4ssig, einfach und zukunftsweisend ist, sind Sie bei uns genau richtig.<\/p>\t\t\t\t\t\t\t\t<\/div>\n\t\t\t\t<\/div>\n\t\t\t\t<\/div>\n\t\t\t\t<\/div>\n\t\t\t\t\t<\/div>\n\t\t\t\t<\/div>\n\t\t\t\t<\/div>\n\t\t\t\t<\/div>\n\t\t","protected":false},"excerpt":{"rendered":"<p>Fortschritt durch Innovation Maschinenbau trifft Trockeneisreinigung Mit \u00fcber zwei Jahrzehnten Erfahrung im Maschinenbau stehen wir f\u00fcr Qualit\u00e4t, Zuverl\u00e4ssigkeit und durchdachte Technologien. Seit 2018 widmen wir uns der Trockeneisstrahltechnologie und haben bereits 2019 ein Patent entwickelt, das neue Ma\u00dfst\u00e4be setzt. 20+ Jahre Erfahrung im Maschinenbau 5+ Jahre Erfahrung im Bereich Trockeneis 1 Patent Innovativ, wartungsarm und&hellip;<\/p>\n","protected":false},"author":1,"featured_media":0,"parent":0,"menu_order":5,"comment_status":"closed","ping_status":"closed","template":"","meta":{"_seopress_robots_primary_cat":"","_seopress_titles_title":"","_seopress_titles_desc":"","_seopress_robots_index":"","footnotes":""},"class_list":["post-15198","page","type-page","status-publish","hentry"],"_links":{"self":[{"href":"https:\/\/schimmeldid.com\/de\/wp-json\/wp\/v2\/pages\/15198","targetHints":{"allow":["GET"]}}],"collection":[{"href":"https:\/\/schimmeldid.com\/de\/wp-json\/wp\/v2\/pages"}],"about":[{"href":"https:\/\/schimmeldid.com\/de\/wp-json\/wp\/v2\/types\/page"}],"author":[{"embeddable":true,"href":"https:\/\/schimmeldid.com\/de\/wp-json\/wp\/v2\/users\/1"}],"replies":[{"embeddable":true,"href":"https:\/\/schimmeldid.com\/de\/wp-json\/wp\/v2\/comments?post=15198"}],"version-history":[{"count":22,"href":"https:\/\/schimmeldid.com\/de\/wp-json\/wp\/v2\/pages\/15198\/revisions"}],"predecessor-version":[{"id":20375,"href":"https:\/\/schimmeldid.com\/de\/wp-json\/wp\/v2\/pages\/15198\/revisions\/20375"}],"wp:attachment":[{"href":"https:\/\/schimmeldid.com\/de\/wp-json\/wp\/v2\/media?parent=15198"}],"curies":[{"name":"wp","href":"https:\/\/api.w.org\/{rel}","templated":true}]}}