{"id":19782,"date":"2025-01-21T12:47:36","date_gmt":"2025-01-21T12:47:36","guid":{"rendered":"https:\/\/schimmeldid.com\/?page_id=19782"},"modified":"2025-01-22T21:22:09","modified_gmt":"2025-01-22T21:22:09","slug":"impressum","status":"publish","type":"page","link":"https:\/\/schimmeldid.com\/es\/impressum\/","title":{"rendered":"Aviso legal"},"content":{"rendered":"<div data-elementor-type=\"wp-page\" data-elementor-id=\"19782\" class=\"elementor elementor-19782\" data-elementor-post-type=\"page\">\n\t\t\t\t<div class=\"elementor-element elementor-element-575b9007 e-flex e-con-boxed e-con e-parent\" data-id=\"575b9007\" data-element_type=\"container\">\n\t\t\t\t\t<div class=\"e-con-inner\">\n\t\t\t\t<div class=\"elementor-element elementor-element-495f1992 elementor-widget elementor-widget-text-editor\" data-id=\"495f1992\" data-element_type=\"widget\" data-widget_type=\"text-editor.default\">\n\t\t\t\t<div class=\"elementor-widget-container\">\n\t\t\t\t\t\t\t\t\t<h2>Schimmel Dispositivos de hielo seco<\/h2><h3>ASC The Various Limited<\/h3><p>Marathanos Avenida 18-20<br \/>8220 Chlorakas<br \/>Chipre<\/p><p>N\u00famero de IVA: CY10403597X<br \/>Consejero delegado: Alexander Schimmel<br \/>Inscrita en el Registro Mercantil de Chipre con el n\u00famero HE 403597<\/p><hr class=\"the7-p-gap\" style=\"padding-bottom: 30px;\" \/><h3>Contacto<\/h3><p>Para cualquier duda o consulta, puede contactarnos r\u00e1pida y f\u00e1cilmente a trav\u00e9s de nuestro <a href=\"https:\/\/schimmeldid.com\/es\/kontakt\/\">Formulario de contacto<\/a>.<\/p>\t\t\t\t\t\t\t\t<\/div>\n\t\t\t\t<\/div>\n\t\t\t\t\t<\/div>\n\t\t\t\t<\/div>\n\t\t\t\t<\/div>","protected":false},"excerpt":{"rendered":"<p>Schimmel Dry Ice Devices ASC Las diversas maratones limitadas Ave 18-208220 Chlorakas CY10403597X Director General: Alexander SchimmelRegistrado en el Registro Mercantil, Chipre, bajo el n\u00famero HE 403597 Contacto Si tiene alguna pregunta o inquietud, puede comunicarse con nosotros r\u00e1pida y f\u00e1cilmente a trav\u00e9s de nuestro formulario de contacto.<\/p>","protected":false},"author":1,"featured_media":0,"parent":0,"menu_order":0,"comment_status":"closed","ping_status":"closed","template":"","meta":{"_seopress_robots_primary_cat":"","_seopress_titles_title":"","_seopress_titles_desc":"","_seopress_robots_index":"","footnotes":""},"class_list":["post-19782","page","type-page","status-publish","hentry"],"_links":{"self":[{"href":"https:\/\/schimmeldid.com\/es\/wp-json\/wp\/v2\/pages\/19782","targetHints":{"allow":["GET"]}}],"collection":[{"href":"https:\/\/schimmeldid.com\/es\/wp-json\/wp\/v2\/pages"}],"about":[{"href":"https:\/\/schimmeldid.com\/es\/wp-json\/wp\/v2\/types\/page"}],"author":[{"embeddable":true,"href":"https:\/\/schimmeldid.com\/es\/wp-json\/wp\/v2\/users\/1"}],"replies":[{"embeddable":true,"href":"https:\/\/schimmeldid.com\/es\/wp-json\/wp\/v2\/comments?post=19782"}],"version-history":[{"count":14,"href":"https:\/\/schimmeldid.com\/es\/wp-json\/wp\/v2\/pages\/19782\/revisions"}],"predecessor-version":[{"id":20285,"href":"https:\/\/schimmeldid.com\/es\/wp-json\/wp\/v2\/pages\/19782\/revisions\/20285"}],"wp:attachment":[{"href":"https:\/\/schimmeldid.com\/es\/wp-json\/wp\/v2\/media?parent=19782"}],"curies":[{"name":"wp","href":"https:\/\/api.w.org\/{rel}","templated":true}]}}