{"id":8787,"date":"2022-09-06T11:49:32","date_gmt":"2022-09-06T11:49:32","guid":{"rendered":"https:\/\/schimmeldid.com\/cookie-policy\/"},"modified":"2022-09-06T11:49:32","modified_gmt":"2022-09-06T11:49:32","slug":"cookie-policy","status":"publish","type":"page","link":"https:\/\/schimmeldid.com\/es\/cookie-policy\/","title":{"rendered":"Pol\u00edtica de cookies"},"content":{"rendered":"<div data-elementor-type=\"wp-page\" data-elementor-id=\"8787\" class=\"elementor elementor-8787\" data-elementor-post-type=\"page\">\n\t\t\t\t<div class=\"elementor-element elementor-element-ce58485 e-flex e-con-boxed e-con e-parent\" data-id=\"ce58485\" data-element_type=\"container\">\n\t\t\t\t\t<div class=\"e-con-inner\">\n\t\t\t\t<div class=\"elementor-element elementor-element-4e39789 elementor-widget elementor-widget-text-editor\" data-id=\"4e39789\" data-element_type=\"widget\" data-widget_type=\"text-editor.default\">\n\t\t\t\t<div class=\"elementor-widget-container\">\n\t\t\t\t\t\t\t\t\t<h2>Interpretaci\u00f3n y definiciones<\/h2>\n<h3>interpretaciones<\/h3>\nLas palabras cuya letra inicial est\u00e1 en may\u00fascula tienen significados definidos bajo las siguientes condiciones. Las siguientes definiciones tendr\u00e1n el mismo significado, independientemente de que aparezcan en singular o en plural.\n\n<hr class=\"the7-p-gap\" style=\"padding-bottom: 30px;\" data-wp-editing=\"1\" \/>\n\n<h3>Definiciones<\/h3>\nA los efectos de la presente Pol\u00edtica de Cookies: \u2022 \"Empresa\" (conocida como \"la Compa\u00f1\u00eda\", \"Nosotros\", \"Nosotros\" o \"Nuestro\" en esta Pol\u00edtica de Cookies) se refiere a [INFORMACI\u00d3N DE LA COMPA\u00d1\u00cdA]. \u2022 Por \u00abcookies\u00bb se entienden peque\u00f1os archivos que un sitio web coloca en su ordenador, dispositivo m\u00f3vil o cualquier otro dispositivo y que contienen detalles de su historial de navegaci\u00f3n en dicho sitio web entre sus m\u00faltiples usos. \u2022 \u201cSitio web\u201d se refiere a [NOMBRE DEL SITIO WEB], accesible desde [URL DEL SITIO WEB] \u2022 \u201cUsted\u201d significa la persona que accede o utiliza el Sitio web, o una empresa, o cualquier entidad legal en nombre de la cual dicha persona accede o utiliza el Sitio web, seg\u00fan corresponda.\n\n<hr class=\"the7-p-gap\" style=\"padding-bottom: 60px;\" \/>\n\n<h2>El uso de las cookies<\/h2>\n<h3>Tipo de cookies que utilizamos<\/h3>\nLas cookies pueden ser \u00abpersistentes\u00bb o \u00abde sesi\u00f3n\u00bb. Las cookies persistentes permanecen en su computadora personal o dispositivo m\u00f3vil cuando se desconecta, mientras que las cookies de sesi\u00f3n se eliminan tan pronto como cierra su navegador web.\n\n<hr class=\"the7-p-gap\" style=\"padding-bottom: 30px;\" \/>\n\n<h3>Utilizamos cookies de sesi\u00f3n y persistentes para los fines que se indican a continuaci\u00f3n:<\/h3>\n\u2022 Tipo de Cookies Necesarias \/ Esenciales: Cookies de sesi\u00f3n administradas por: Prop\u00f3sito de nosotros: Estas cookies son esenciales para proporcionarle los servicios disponibles a trav\u00e9s del sitio web y para permitirle utilizar algunas de sus funciones. Ayudan a autenticar usuarios y evitar el uso fraudulento de cuentas de usuario. Sin estas cookies, los servicios que ha solicitado no se pueden proporcionar, y solo utilizamos estas cookies para proporcionarle esos servicios. \u2022 Pol\u00edtica de Cookies \/ Aviso Aceptaci\u00f3n Tipo de Cookies: Cookies persistentes administradas por: Prop\u00f3sito de nosotros: Estas Cookies identifican si los usuarios han aceptado el uso de cookies en el Sitio Web. \u2022 Tipo de cookies de funcionalidad: Cookies persistentes administradas por: Prop\u00f3sito de nosotros: Estas cookies nos permiten recordar las elecciones que realiza cuando utiliza el sitio web, como recordar sus datos de inicio de sesi\u00f3n o su preferencia de idioma. El prop\u00f3sito de estas cookies es proporcionarle una experiencia m\u00e1s personal y evitar que tenga que volver a ingresar sus preferencias cada vez que use el sitio web. \u2022 Cookies de seguimiento y rendimiento Tipo: Cookies persistentes administradas por: Finalidad de terceros: Estas cookies se utilizan para rastrear informaci\u00f3n sobre el tr\u00e1fico al sitio web y c\u00f3mo los usuarios usan el sitio web. La informaci\u00f3n recopilada a trav\u00e9s de estas cookies puede identificarle directa o indirectamente como visitante individual. Esto se debe a que la informaci\u00f3n recopilada generalmente est\u00e1 vinculada a un identificador seud\u00f3nimo asociado con el dispositivo que utiliza para acceder al sitio web. Tambi\u00e9n podemos utilizar estas cookies para probar nuevos anuncios, p\u00e1ginas, caracter\u00edsticas o nuevas funcionalidades del sitio web para ver c\u00f3mo reaccionan nuestros usuarios a ellos.\n\n<hr class=\"the7-p-gap\" style=\"padding-bottom: 60px;\" \/>\n\n<h2>Sus opciones con respecto a las cookies<\/h2>\nSi prefiere evitar el uso de cookies en el sitio web, primero debe deshabilitar el uso de cookies en su navegador y luego eliminar las cookies guardadas en su navegador asociadas con este sitio web. Puede utilizar esta opci\u00f3n para evitar el uso de cookies en cualquier momento. Si no acepta nuestras cookies, puede experimentar algunos inconvenientes en el uso del sitio web y es posible que algunas funciones no funcionen correctamente. Si desea eliminar las cookies o indicar a su navegador web que elimine o rechace las cookies, visite las p\u00e1ginas de ayuda de su navegador web. Para el navegador web Chrome, visite esta p\u00e1gina de Google: https:\/\/support.google.com\/accounts\/answer\/32050 Para el navegador Internet Explorer, visite esta p\u00e1gina de Microsoft: http:\/\/support.microsoft.com\/kb\/278835 Para el navegador web Firefox, visite esta p\u00e1gina de Mozilla: https:\/\/support.mozilla.org\/en-US\/kb\/delete-cookies-remove-info-websites-stored Para el navegador Safari, por favor visite esta p\u00e1gina de Apple: https:\/\/support.apple.com\/guide\/safari\/manage-cookies-and-website-data-sfri11471\/mac Para cualquier otro navegador web, visite las p\u00e1ginas web oficiales de su navegador web.\n\n<hr class=\"the7-p-gap\" style=\"padding-bottom: 60px;\" \/>\n\n<h2>Cont\u00e1ctenos<\/h2>\nSi tienes alguna duda sobre esta Pol\u00edtica de Cookies, puedes ponerte en contacto con nosotros: \u2022 Visitando esta p\u00e1gina en nuestro sitio web: [URL DE LA P\u00c1GINA DE CONTACTO DEL SITIO WEB] \u2022 Envi\u00e1ndonos un correo electr\u00f3nico: [Correo electr\u00f3nico de contacto del sitio web]\t\t\t\t\t\t\t\t<\/div>\n\t\t\t\t<\/div>\n\t\t\t\t\t<\/div>\n\t\t\t\t<\/div>\n\t\t\t\t<\/div>","protected":false},"excerpt":{"rendered":"","protected":false},"author":1,"featured_media":0,"parent":0,"menu_order":75,"comment_status":"closed","ping_status":"closed","template":"","meta":{"_seopress_robots_primary_cat":"","_seopress_titles_title":"","_seopress_titles_desc":"","_seopress_robots_index":"","footnotes":""},"class_list":["post-8787","page","type-page","status-publish","hentry"],"_links":{"self":[{"href":"https:\/\/schimmeldid.com\/es\/wp-json\/wp\/v2\/pages\/8787","targetHints":{"allow":["GET"]}}],"collection":[{"href":"https:\/\/schimmeldid.com\/es\/wp-json\/wp\/v2\/pages"}],"about":[{"href":"https:\/\/schimmeldid.com\/es\/wp-json\/wp\/v2\/types\/page"}],"author":[{"embeddable":true,"href":"https:\/\/schimmeldid.com\/es\/wp-json\/wp\/v2\/users\/1"}],"replies":[{"embeddable":true,"href":"https:\/\/schimmeldid.com\/es\/wp-json\/wp\/v2\/comments?post=8787"}],"version-history":[{"count":0,"href":"https:\/\/schimmeldid.com\/es\/wp-json\/wp\/v2\/pages\/8787\/revisions"}],"wp:attachment":[{"href":"https:\/\/schimmeldid.com\/es\/wp-json\/wp\/v2\/media?parent=8787"}],"curies":[{"name":"wp","href":"https:\/\/api.w.org\/{rel}","templated":true}]}}