{"id":15198,"date":"2024-05-17T09:57:31","date_gmt":"2024-05-17T09:57:31","guid":{"rendered":"https:\/\/schimmeldid.com\/about\/"},"modified":"2025-01-23T14:06:59","modified_gmt":"2025-01-23T14:06:59","slug":"ueber-uns","status":"publish","type":"page","link":"https:\/\/schimmeldid.com\/fr\/ueber-uns\/","title":{"rendered":"\u00c0 propos de nous"},"content":{"rendered":"<div data-elementor-type=\"wp-page\" data-elementor-id=\"15198\" class=\"elementor elementor-15198\" data-elementor-post-type=\"page\">\n\t\t\t\t<div class=\"elementor-element elementor-element-0b88976 e-con-full e-flex e-con e-parent\" data-id=\"0b88976\" data-element_type=\"container\">\n\t\t<div class=\"elementor-element elementor-element-211478f e-flex e-con-boxed e-con e-child\" data-id=\"211478f\" data-element_type=\"container\">\n\t\t\t\t\t<div class=\"e-con-inner\">\n\t\t\t\t<div class=\"elementor-element elementor-element-d27ca74 elementor-widget elementor-widget-the7-heading\" data-id=\"d27ca74\" data-element_type=\"widget\" data-widget_type=\"the7-heading.default\">\n\t\t\t\t<div class=\"elementor-widget-container\">\n\t\t\t\t\t<h3 class=\"the7-heading-title elementor-size-default\">Progr\u00e8s gr\u00e2ce \u00e0 l'innovation<\/h3>\t\t\t\t<\/div>\n\t\t\t\t<\/div>\n\t\t\t\t<div class=\"elementor-element elementor-element-b06e93f elementor-widget elementor-widget-global elementor-global-16758 elementor-widget-spacer\" data-id=\"b06e93f\" data-element_type=\"widget\" data-widget_type=\"spacer.default\">\n\t\t\t\t<div class=\"elementor-widget-container\">\n\t\t\t\t\t\t\t<div class=\"elementor-spacer\">\n\t\t\t<div class=\"elementor-spacer-inner\"><\/div>\n\t\t<\/div>\n\t\t\t\t\t\t<\/div>\n\t\t\t\t<\/div>\n\t\t\t\t\t<\/div>\n\t\t\t\t<\/div>\n\t\t<div class=\"elementor-element elementor-element-aceeffd e-flex e-con-boxed e-con e-child\" data-id=\"aceeffd\" data-element_type=\"container\">\n\t\t\t\t\t<div class=\"e-con-inner\">\n\t\t<div class=\"elementor-element elementor-element-bc9a351 e-con-full e-flex e-con e-child\" data-id=\"bc9a351\" data-element_type=\"container\" data-settings=\"{&quot;background_background&quot;:&quot;classic&quot;}\">\n\t\t<div class=\"elementor-element elementor-element-87d48a9 e-con-full e-flex e-con e-child\" data-id=\"87d48a9\" data-element_type=\"container\">\n\t\t\t\t<div class=\"elementor-element elementor-element-716fde9 elementor-widget-tablet__width-inherit elementor-widget elementor-widget-the7-heading\" data-id=\"716fde9\" data-element_type=\"widget\" data-widget_type=\"the7-heading.default\">\n\t\t\t\t<div class=\"elementor-widget-container\">\n\t\t\t\t\t<h3 class=\"the7-heading-title elementor-size-default\">L'ing\u00e9nierie m\u00e9canique rencontre le nettoyage \u00e0 la glace carbonique<\/h3>\t\t\t\t<\/div>\n\t\t\t\t<\/div>\n\t\t\t\t<div class=\"elementor-element elementor-element-831938e elementor-widget-tablet__width-inherit elementor-widget elementor-widget-text-editor\" data-id=\"831938e\" data-element_type=\"widget\" data-widget_type=\"text-editor.default\">\n\t\t\t\t<div class=\"elementor-widget-container\">\n\t\t\t\t\t\t\t\t\tAvec plus de 20 ans d'exp\u00e9rience en g\u00e9nie m\u00e9canique, nous repr\u00e9sentons la qualit\u00e9, la fiabilit\u00e9 et des technologies r\u00e9fl\u00e9chies. Depuis 2018, nous nous consacrons \u00e0 la technologie de projection de glace carbonique et avons d\u00e9j\u00e0 d\u00e9velopp\u00e9 un brevet en 2019 qui fixe de nouveaux standards.\t\t\t\t\t\t\t\t<\/div>\n\t\t\t\t<\/div>\n\t\t<div class=\"elementor-element elementor-element-c1b8ca6 e-grid e-con-boxed e-con e-child\" data-id=\"c1b8ca6\" data-element_type=\"container\">\n\t\t\t\t\t<div class=\"e-con-inner\">\n\t\t<div class=\"elementor-element elementor-element-cded331 e-con-full e-flex e-con e-child\" data-id=\"cded331\" data-element_type=\"container\">\n\t\t\t\t<div class=\"elementor-element elementor-element-6524f4d elementor-widget elementor-widget-the7-heading\" data-id=\"6524f4d\" data-element_type=\"widget\" data-widget_type=\"the7-heading.default\">\n\t\t\t\t<div class=\"elementor-widget-container\">\n\t\t\t\t\t<h5 class=\"the7-heading-title elementor-size-default\">20+<\/h5>\t\t\t\t<\/div>\n\t\t\t\t<\/div>\n\t\t\t\t<div class=\"elementor-element elementor-element-a22eca1 elementor-widget elementor-widget-the7-heading\" data-id=\"a22eca1\" data-element_type=\"widget\" data-widget_type=\"the7-heading.default\">\n\t\t\t\t<div class=\"elementor-widget-container\">\n\t\t\t\t\t<h5 class=\"the7-heading-title elementor-size-default\">Ann\u00e9es d'exp\u00e9rience en g\u00e9nie m\u00e9canique<\/h5>\t\t\t\t<\/div>\n\t\t\t\t<\/div>\n\t\t\t\t<\/div>\n\t\t<div class=\"elementor-element elementor-element-890d0c9 e-con-full e-flex e-con e-child\" data-id=\"890d0c9\" data-element_type=\"container\">\n\t\t\t\t<div class=\"elementor-element elementor-element-1bd6f46 elementor-widget elementor-widget-the7-heading\" data-id=\"1bd6f46\" data-element_type=\"widget\" data-widget_type=\"the7-heading.default\">\n\t\t\t\t<div class=\"elementor-widget-container\">\n\t\t\t\t\t<h6 class=\"the7-heading-title elementor-size-default\">5+<\/h6>\t\t\t\t<\/div>\n\t\t\t\t<\/div>\n\t\t\t\t<div class=\"elementor-element elementor-element-90117c0 elementor-widget elementor-widget-the7-heading\" data-id=\"90117c0\" data-element_type=\"widget\" data-widget_type=\"the7-heading.default\">\n\t\t\t\t<div class=\"elementor-widget-container\">\n\t\t\t\t\t<h5 class=\"the7-heading-title elementor-size-default\">Ann\u00e9es d'exp\u00e9rience dans le glace carbonique<\/h5>\t\t\t\t<\/div>\n\t\t\t\t<\/div>\n\t\t\t\t<\/div>\n\t\t<div class=\"elementor-element elementor-element-8d95200 e-con-full e-flex e-con e-child\" data-id=\"8d95200\" data-element_type=\"container\">\n\t\t\t\t<div class=\"elementor-element elementor-element-78cdecc elementor-widget elementor-widget-the7-heading\" data-id=\"78cdecc\" data-element_type=\"widget\" data-widget_type=\"the7-heading.default\">\n\t\t\t\t<div class=\"elementor-widget-container\">\n\t\t\t\t\t<h6 class=\"the7-heading-title elementor-size-default\">1<\/h6>\t\t\t\t<\/div>\n\t\t\t\t<\/div>\n\t\t\t\t<div class=\"elementor-element elementor-element-4ee9c57 elementor-widget elementor-widget-the7-heading\" data-id=\"4ee9c57\" data-element_type=\"widget\" data-widget_type=\"the7-heading.default\">\n\t\t\t\t<div class=\"elementor-widget-container\">\n\t\t\t\t\t<h5 class=\"the7-heading-title elementor-size-default\">Brevet<\/h5>\t\t\t\t<\/div>\n\t\t\t\t<\/div>\n\t\t\t\t<\/div>\n\t\t\t\t\t<\/div>\n\t\t\t\t<\/div>\n\t\t\t\t<\/div>\n\t\t\t\t<div class=\"elementor-element elementor-element-25c4682 elementor-widget__width-initial content-align-right the7-hover-visibility-disabled preserve-img-ratio-cover transform-overlay-yes exceeding-frame-yes elementor-widget elementor-widget-the7-image-widget\" data-id=\"25c4682\" data-element_type=\"widget\" data-settings=\"{&quot;hover_visibility&quot;:&quot;disabled&quot;}\" data-widget_type=\"the7-image-widget.default\">\n\t\t\t\t<div class=\"elementor-widget-container\">\n\t\t\t\t\t<div class=\"the7-image-container\"><div class=\"the7-image-wrapper the7-elementor-widget the7-transform-container\"><div class=\"post-thumbnail-rollover layzr-bg img-css-resize-wrapper\"><img fetchpriority=\"high\" decoding=\"async\" width=\"1275\" height=\"850\" src=\"data:image\/svg+xml,%3Csvg%20xmlns%3D&#039;http%3A%2F%2Fwww.w3.org%2F2000%2Fsvg&#039;%20viewBox%3D&#039;0%200%201275%20850&#039;%2F%3E\" class=\"attachment-full size-full preload-me aspect lazy lazy-load\" alt=\"\" sizes=\"(max-width: 1275px) 100vw, 1275px\" style=\"--ratio: 1275 \/ 850;\" data-src=\"https:\/\/schimmeldid.com\/wp-content\/uploads\/2025\/01\/3d-zeichnung-schimmel.webp\" loading=\"eager\" data-srcset=\"https:\/\/schimmeldid.com\/wp-content\/uploads\/2025\/01\/3d-zeichnung-schimmel.webp 1275w, https:\/\/schimmeldid.com\/wp-content\/uploads\/2025\/01\/3d-zeichnung-schimmel-300x200.webp 300w, https:\/\/schimmeldid.com\/wp-content\/uploads\/2025\/01\/3d-zeichnung-schimmel-1024x683.webp 1024w, https:\/\/schimmeldid.com\/wp-content\/uploads\/2025\/01\/3d-zeichnung-schimmel-768x512.webp 768w, https:\/\/schimmeldid.com\/wp-content\/uploads\/2025\/01\/3d-zeichnung-schimmel-1000x667.webp 1000w\" \/><\/div><\/div><\/div>\t\t\t\t<\/div>\n\t\t\t\t<\/div>\n\t\t\t\t<\/div>\n\t\t<div class=\"elementor-element elementor-element-972b022 e-con-full e-flex e-con e-child\" data-id=\"972b022\" data-element_type=\"container\">\n\t\t\t\t<div class=\"elementor-element elementor-element-a3826b2 elementor-widget__width-initial content-align-left the7-hover-visibility-disabled preserve-img-ratio-cover transform-overlay-yes exceeding-frame-yes elementor-widget elementor-widget-the7-image-widget\" data-id=\"a3826b2\" data-element_type=\"widget\" data-settings=\"{&quot;hover_visibility&quot;:&quot;disabled&quot;}\" data-widget_type=\"the7-image-widget.default\">\n\t\t\t\t<div class=\"elementor-widget-container\">\n\t\t\t\t\t<div class=\"the7-image-container\"><div class=\"the7-image-wrapper the7-elementor-widget the7-transform-container\"><div class=\"post-thumbnail-rollover layzr-bg img-css-resize-wrapper\"><img decoding=\"async\" width=\"900\" height=\"600\" src=\"data:image\/svg+xml,%3Csvg%20xmlns%3D&#039;http%3A%2F%2Fwww.w3.org%2F2000%2Fsvg&#039;%20viewBox%3D&#039;0%200%20900%20600&#039;%2F%3E\" class=\"attachment-full size-full preload-me aspect lazy lazy-load\" alt=\"\" sizes=\"(max-width: 900px) 100vw, 900px\" style=\"--ratio: 900 \/ 600;\" data-src=\"https:\/\/schimmeldid.com\/wp-content\/uploads\/2025\/01\/schimmel-trockeneisstrahlpistole.webp\" loading=\"eager\" data-srcset=\"https:\/\/schimmeldid.com\/wp-content\/uploads\/2025\/01\/schimmel-trockeneisstrahlpistole.webp 900w, https:\/\/schimmeldid.com\/wp-content\/uploads\/2025\/01\/schimmel-trockeneisstrahlpistole-300x200.webp 300w, https:\/\/schimmeldid.com\/wp-content\/uploads\/2025\/01\/schimmel-trockeneisstrahlpistole-768x512.webp 768w\" \/><\/div><\/div><\/div>\t\t\t\t<\/div>\n\t\t\t\t<\/div>\n\t\t<div class=\"elementor-element elementor-element-1fe8385 e-con-full e-flex e-con e-child\" data-id=\"1fe8385\" data-element_type=\"container\">\n\t\t\t\t<div class=\"elementor-element elementor-element-3c6c6f0 elementor-widget-tablet__width-inherit elementor-widget elementor-widget-the7-heading\" data-id=\"3c6c6f0\" data-element_type=\"widget\" data-widget_type=\"the7-heading.default\">\n\t\t\t\t<div class=\"elementor-widget-container\">\n\t\t\t\t\t<h3 class=\"the7-heading-title elementor-size-default\">Innovant, peu exigeant en maintenance et fiable<\/h3>\t\t\t\t<\/div>\n\t\t\t\t<\/div>\n\t\t\t\t<div class=\"elementor-element elementor-element-5c4844f elementor-widget-tablet__width-inherit elementor-widget elementor-widget-text-editor\" data-id=\"5c4844f\" data-element_type=\"widget\" data-widget_type=\"text-editor.default\">\n\t\t\t\t<div class=\"elementor-widget-container\">\n\t\t\t\t\t\t\t\t\t<p>Nos machines de nettoyage cryog\u00e9nique fonctionnent sans m\u00e9canique mobile, cylindres pneumatiques ni \u00e9lectricit\u00e9. Un avantage d\u00e9cisif, car les plus grands d\u00e9fis des appareils de nettoyage cryog\u00e9nique \u2013 tels que le gel et les composants sensibles \u00e0 l'entretien \u2013 sont r\u00e9solus par une conception innovante : le glace carbonique est aspir\u00e9e vers le haut, au lieu de passer par le fond du r\u00e9servoir. Cela permet \u00e0 la machine de rester op\u00e9rationnelle m\u00eame apr\u00e8s des pauses prolong\u00e9es allant jusqu'\u00e0 cinq heures.<\/p>\t\t\t\t\t\t\t\t<\/div>\n\t\t\t\t<\/div>\n\t\t\t\t<\/div>\n\t\t\t\t<\/div>\n\t\t<div class=\"elementor-element elementor-element-08b9b78 e-con-full e-flex e-con e-child\" data-id=\"08b9b78\" data-element_type=\"container\" data-settings=\"{&quot;background_background&quot;:&quot;classic&quot;}\">\n\t\t<div class=\"elementor-element elementor-element-3616015 e-con-full e-flex e-con e-child\" data-id=\"3616015\" data-element_type=\"container\">\n\t\t\t\t<div class=\"elementor-element elementor-element-c9ab65e elementor-widget-tablet__width-inherit elementor-widget elementor-widget-the7-heading\" data-id=\"c9ab65e\" data-element_type=\"widget\" data-widget_type=\"the7-heading.default\">\n\t\t\t\t<div class=\"elementor-widget-container\">\n\t\t\t\t\t<h3 class=\"the7-heading-title elementor-size-default\">Syst\u00e8me de buse r\u00e9volutionnaire<\/h3>\t\t\t\t<\/div>\n\t\t\t\t<\/div>\n\t\t\t\t<div class=\"elementor-element elementor-element-7dc71b0 elementor-widget-tablet__width-inherit elementor-widget elementor-widget-text-editor\" data-id=\"7dc71b0\" data-element_type=\"widget\" data-widget_type=\"text-editor.default\">\n\t\t\t\t<div class=\"elementor-widget-container\">\n\t\t\t\t\t\t\t\t\t<p>Notre syst\u00e8me de buses, d\u00e9velopp\u00e9 en 2019, se distingue par sa flexibilit\u00e9 et sa rapidit\u00e9 lors du changement de buses. Le syst\u00e8me modulaire permet de fabriquer des buses \u00e0 jet plat sur mesure selon les besoins des clients, tandis que la verrouillage ultra-rapide des buses permet de les changer en quelques secondes. Ce syst\u00e8me est tellement bien con\u00e7u qu'il a d\u00e9j\u00e0 \u00e9t\u00e9 copi\u00e9 par d'autres fabricants \u2013 un signe clair que nous suivons la bonne voie avec nos id\u00e9es.<\/p>\t\t\t\t\t\t\t\t<\/div>\n\t\t\t\t<\/div>\n\t\t\t\t<\/div>\n\t\t\t\t<div class=\"elementor-element elementor-element-300a308 elementor-widget__width-initial content-align-right the7-hover-visibility-disabled preserve-img-ratio-cover transform-overlay-yes exceeding-frame-yes elementor-widget elementor-widget-the7-image-widget\" data-id=\"300a308\" data-element_type=\"widget\" data-settings=\"{&quot;hover_visibility&quot;:&quot;disabled&quot;}\" data-widget_type=\"the7-image-widget.default\">\n\t\t\t\t<div class=\"elementor-widget-container\">\n\t\t\t\t\t<div class=\"the7-image-container\"><div class=\"the7-image-wrapper the7-elementor-widget the7-transform-container\"><div class=\"post-thumbnail-rollover layzr-bg img-css-resize-wrapper\"><img decoding=\"async\" width=\"600\" height=\"600\" src=\"data:image\/svg+xml,%3Csvg%20xmlns%3D&#039;http%3A%2F%2Fwww.w3.org%2F2000%2Fsvg&#039;%20viewBox%3D&#039;0%200%20600%20600&#039;%2F%3E\" class=\"attachment-full size-full preload-me aspect lazy lazy-load\" alt=\"\" sizes=\"(max-width: 600px) 100vw, 600px\" style=\"--ratio: 600 \/ 600;\" data-src=\"https:\/\/schimmeldid.com\/wp-content\/uploads\/2024\/06\/strahlduesen-q.webp\" loading=\"eager\" data-srcset=\"https:\/\/schimmeldid.com\/wp-content\/uploads\/2024\/06\/strahlduesen-q.webp 600w, https:\/\/schimmeldid.com\/wp-content\/uploads\/2024\/06\/strahlduesen-q-300x300.webp 300w, https:\/\/schimmeldid.com\/wp-content\/uploads\/2024\/06\/strahlduesen-q-150x150.webp 150w, https:\/\/schimmeldid.com\/wp-content\/uploads\/2024\/06\/strahlduesen-q-200x200.webp 200w\" \/><\/div><\/div><\/div>\t\t\t\t<\/div>\n\t\t\t\t<\/div>\n\t\t\t\t<\/div>\n\t\t<div class=\"elementor-element elementor-element-1939eee e-con-full e-flex e-con e-child\" data-id=\"1939eee\" data-element_type=\"container\">\n\t\t\t\t<div class=\"elementor-element elementor-element-8ecf278 elementor-widget__width-initial content-align-left the7-hover-visibility-disabled preserve-img-ratio-cover transform-overlay-yes exceeding-frame-yes elementor-widget elementor-widget-the7-image-widget\" data-id=\"8ecf278\" data-element_type=\"widget\" data-settings=\"{&quot;hover_visibility&quot;:&quot;disabled&quot;}\" data-widget_type=\"the7-image-widget.default\">\n\t\t\t\t<div class=\"elementor-widget-container\">\n\t\t\t\t\t<div class=\"the7-image-container\"><div class=\"the7-image-wrapper the7-elementor-widget the7-transform-container\"><div class=\"post-thumbnail-rollover layzr-bg img-css-resize-wrapper\"><img decoding=\"async\" width=\"800\" height=\"533\" src=\"data:image\/svg+xml,%3Csvg%20xmlns%3D&#039;http%3A%2F%2Fwww.w3.org%2F2000%2Fsvg&#039;%20viewBox%3D&#039;0%200%20800%20533&#039;%2F%3E\" class=\"attachment-full size-full preload-me aspect lazy lazy-load\" alt=\"\" sizes=\"(max-width: 800px) 100vw, 800px\" style=\"--ratio: 800 \/ 533;\" data-src=\"https:\/\/schimmeldid.com\/wp-content\/uploads\/2025\/01\/material-2.webp\" loading=\"eager\" data-srcset=\"https:\/\/schimmeldid.com\/wp-content\/uploads\/2025\/01\/material-2.webp 800w, https:\/\/schimmeldid.com\/wp-content\/uploads\/2025\/01\/material-2-300x200.webp 300w, https:\/\/schimmeldid.com\/wp-content\/uploads\/2025\/01\/material-2-768x512.webp 768w\" \/><\/div><\/div><\/div>\t\t\t\t<\/div>\n\t\t\t\t<\/div>\n\t\t<div class=\"elementor-element elementor-element-0ae8155 e-con-full e-flex e-con e-child\" data-id=\"0ae8155\" data-element_type=\"container\">\n\t\t\t\t<div class=\"elementor-element elementor-element-c9c1ab3 elementor-widget-tablet__width-inherit elementor-widget elementor-widget-the7-heading\" data-id=\"c9c1ab3\" data-element_type=\"widget\" data-widget_type=\"the7-heading.default\">\n\t\t\t\t<div class=\"elementor-widget-container\">\n\t\t\t\t\t<h3 class=\"the7-heading-title elementor-size-default\"><h3 class=\"the7-heading-title elementor-size-default\" style=\"padding: 0px; margin: 0px; clear: none; color: var(--the7-h3-color); font-style: normal; font-variant-caps: normal; font-weight: ; font-stretch: ; font-size: ; line-height: ; font-family: Sora, sans-serif; font-size-adjust: ; font-kerning: ; font-variant-alternates: ; font-variant-ligatures: ; font-variant-numeric: ; font-variant-east-asian: ; font-variant-position: ; font-variant-emoji: ; font-feature-settings: ; font-optical-sizing: ; font-variation-settings: ; text-transform: none; letter-spacing: normal; word-spacing: 0px; text-decoration: none; box-sizing: border-box; transition: color 0.3s, text-shadow 0.3s; text-decoration-style: solid; orphans: auto; text-align: left; text-indent: 0px; white-space: normal; widows: auto; -webkit-text-stroke-width: 0px;\">Pourquoi nous sommes diff\u00e9rents<\/h3><\/h3>\t\t\t\t<\/div>\n\t\t\t\t<\/div>\n\t\t\t\t<div class=\"elementor-element elementor-element-924034f elementor-widget-tablet__width-inherit elementor-widget elementor-widget-text-editor\" data-id=\"924034f\" data-element_type=\"widget\" data-widget_type=\"text-editor.default\">\n\t\t\t\t<div class=\"elementor-widget-container\">\n\t\t\t\t\t\t\t\t\t<p>Nos machines de nettoyage cryog\u00e9nique ne sont pas seulement puissantes, mais aussi peu exigeantes en entretien et con\u00e7ues pour la durabilit\u00e9. Nous \u00e9vitons autant que possible les plastiques \u2013 pas de bo\u00eetiers en plastique ! Nous faisons face aux d\u00e9fis du secteur avec des solutions cr\u00e9atives et veillons \u00e0 ce que l'efficacit\u00e9 et la long\u00e9vit\u00e9 aillent de pair.<br \/><br \/>Si vous recherchez une machine fiable, simple et tourn\u00e9e vers l'avenir, vous \u00eates au bon endroit.<\/p>\t\t\t\t\t\t\t\t<\/div>\n\t\t\t\t<\/div>\n\t\t\t\t<\/div>\n\t\t\t\t<\/div>\n\t\t\t\t\t<\/div>\n\t\t\t\t<\/div>\n\t\t\t\t<\/div>\n\t\t\t\t<\/div>","protected":false},"excerpt":{"rendered":"<p>Le progr\u00e8s par l'innovation La construction m\u00e9canique rencontre le nettoyage cryog\u00e9nique Avec plus de deux d\u00e9cennies d'exp\u00e9rience dans la construction m\u00e9canique, nous sommes synonymes de qualit\u00e9, de fiabilit\u00e9 et de technologies bien pens\u00e9es. Depuis 2018, nous nous consacrons \u00e0 la technologie de projection de glace carbonique et avons d\u00e9j\u00e0 d\u00e9velopp\u00e9 en 2019 un brevet qui \u00e9tablit de nouvelles normes. 20+ ans d'exp\u00e9rience en g\u00e9nie m\u00e9canique 5+ ans d'exp\u00e9rience dans le domaine de la glace carbonique 1 Brevet Innovant, n\u00e9cessitant peu d'entretien et...<\/p>","protected":false},"author":1,"featured_media":0,"parent":0,"menu_order":5,"comment_status":"closed","ping_status":"closed","template":"","meta":{"_seopress_robots_primary_cat":"","_seopress_titles_title":"","_seopress_titles_desc":"","_seopress_robots_index":"","footnotes":""},"class_list":["post-15198","page","type-page","status-publish","hentry"],"_links":{"self":[{"href":"https:\/\/schimmeldid.com\/fr\/wp-json\/wp\/v2\/pages\/15198","targetHints":{"allow":["GET"]}}],"collection":[{"href":"https:\/\/schimmeldid.com\/fr\/wp-json\/wp\/v2\/pages"}],"about":[{"href":"https:\/\/schimmeldid.com\/fr\/wp-json\/wp\/v2\/types\/page"}],"author":[{"embeddable":true,"href":"https:\/\/schimmeldid.com\/fr\/wp-json\/wp\/v2\/users\/1"}],"replies":[{"embeddable":true,"href":"https:\/\/schimmeldid.com\/fr\/wp-json\/wp\/v2\/comments?post=15198"}],"version-history":[{"count":22,"href":"https:\/\/schimmeldid.com\/fr\/wp-json\/wp\/v2\/pages\/15198\/revisions"}],"predecessor-version":[{"id":20375,"href":"https:\/\/schimmeldid.com\/fr\/wp-json\/wp\/v2\/pages\/15198\/revisions\/20375"}],"wp:attachment":[{"href":"https:\/\/schimmeldid.com\/fr\/wp-json\/wp\/v2\/media?parent=15198"}],"curies":[{"name":"wp","href":"https:\/\/api.w.org\/{rel}","templated":true}]}}