{"id":19782,"date":"2025-01-21T12:47:36","date_gmt":"2025-01-21T12:47:36","guid":{"rendered":"https:\/\/schimmeldid.com\/?page_id=19782"},"modified":"2025-01-22T21:22:09","modified_gmt":"2025-01-22T21:22:09","slug":"impressum","status":"publish","type":"page","link":"https:\/\/schimmeldid.com\/fr\/impressum\/","title":{"rendered":"Mentions l\u00e9gales"},"content":{"rendered":"<div data-elementor-type=\"wp-page\" data-elementor-id=\"19782\" class=\"elementor elementor-19782\" data-elementor-post-type=\"page\">\n\t\t\t\t<div class=\"elementor-element elementor-element-575b9007 e-flex e-con-boxed e-con e-parent\" data-id=\"575b9007\" data-element_type=\"container\">\n\t\t\t\t\t<div class=\"e-con-inner\">\n\t\t\t\t<div class=\"elementor-element elementor-element-495f1992 elementor-widget elementor-widget-text-editor\" data-id=\"495f1992\" data-element_type=\"widget\" data-widget_type=\"text-editor.default\">\n\t\t\t\t<div class=\"elementor-widget-container\">\n\t\t\t\t\t\t\t\t\t<h2>Schimmel Dispositifs de glace carbonique<\/h2><h3>ASC The Various Limited<\/h3><p>Marathanos Ave 18-20<br \/>8220 Chlorakas<br \/>Chypre<\/p><p>Num\u00e9ro de TVA: CY10403597X<br \/>Directeur g\u00e9n\u00e9ral: Alexander Schimmel<br \/>Enregistr\u00e9e aupr\u00e8s du Registrar of Companies, Chypre, sous le num\u00e9ro HE 403597<\/p><hr class=\"the7-p-gap\" style=\"padding-bottom: 30px;\" \/><h3>Contact<\/h3><p>Pour toute question ou demande, vous pouvez nous joindre rapidement et facilement via notre <a href=\"https:\/\/schimmeldid.com\/fr\/kontakt\/\">Formulaire de contact<\/a>.<\/p>\t\t\t\t\t\t\t\t<\/div>\n\t\t\t\t<\/div>\n\t\t\t\t\t<\/div>\n\t\t\t\t<\/div>\n\t\t\t\t<\/div>","protected":false},"excerpt":{"rendered":"<p>Moule Dry Ice Devices ASC The Various Limited Marathons Ave 18-208220 ChlorakasChypre Num\u00e9ro de TVA: CY10403597XDirecteur g\u00e9n\u00e9ral: Alexander SchimmelEnregistr\u00e9 aupr\u00e8s du Registrar of Companies, Chypre, sous le num\u00e9ro HE 403597 Contact Pour toute question ou demande, vous pouvez nous contacter rapidement et facilement via notre formulaire de contact.<\/p>","protected":false},"author":1,"featured_media":0,"parent":0,"menu_order":0,"comment_status":"closed","ping_status":"closed","template":"","meta":{"_seopress_robots_primary_cat":"","_seopress_titles_title":"","_seopress_titles_desc":"","_seopress_robots_index":"","footnotes":""},"class_list":["post-19782","page","type-page","status-publish","hentry"],"_links":{"self":[{"href":"https:\/\/schimmeldid.com\/fr\/wp-json\/wp\/v2\/pages\/19782","targetHints":{"allow":["GET"]}}],"collection":[{"href":"https:\/\/schimmeldid.com\/fr\/wp-json\/wp\/v2\/pages"}],"about":[{"href":"https:\/\/schimmeldid.com\/fr\/wp-json\/wp\/v2\/types\/page"}],"author":[{"embeddable":true,"href":"https:\/\/schimmeldid.com\/fr\/wp-json\/wp\/v2\/users\/1"}],"replies":[{"embeddable":true,"href":"https:\/\/schimmeldid.com\/fr\/wp-json\/wp\/v2\/comments?post=19782"}],"version-history":[{"count":14,"href":"https:\/\/schimmeldid.com\/fr\/wp-json\/wp\/v2\/pages\/19782\/revisions"}],"predecessor-version":[{"id":20285,"href":"https:\/\/schimmeldid.com\/fr\/wp-json\/wp\/v2\/pages\/19782\/revisions\/20285"}],"wp:attachment":[{"href":"https:\/\/schimmeldid.com\/fr\/wp-json\/wp\/v2\/media?parent=19782"}],"curies":[{"name":"wp","href":"https:\/\/api.w.org\/{rel}","templated":true}]}}