{"id":15198,"date":"2024-05-17T09:57:31","date_gmt":"2024-05-17T09:57:31","guid":{"rendered":"https:\/\/schimmeldid.com\/about\/"},"modified":"2025-01-23T14:06:59","modified_gmt":"2025-01-23T14:06:59","slug":"ueber-uns","status":"publish","type":"page","link":"https:\/\/schimmeldid.com\/it\/ueber-uns\/","title":{"rendered":"Chi siamo"},"content":{"rendered":"<div data-elementor-type=\"wp-page\" data-elementor-id=\"15198\" class=\"elementor elementor-15198\" data-elementor-post-type=\"page\">\n\t\t\t\t<div class=\"elementor-element elementor-element-0b88976 e-con-full e-flex e-con e-parent\" data-id=\"0b88976\" data-element_type=\"container\">\n\t\t<div class=\"elementor-element elementor-element-211478f e-flex e-con-boxed e-con e-child\" data-id=\"211478f\" data-element_type=\"container\">\n\t\t\t\t\t<div class=\"e-con-inner\">\n\t\t\t\t<div class=\"elementor-element elementor-element-d27ca74 elementor-widget elementor-widget-the7-heading\" data-id=\"d27ca74\" data-element_type=\"widget\" data-widget_type=\"the7-heading.default\">\n\t\t\t\t<div class=\"elementor-widget-container\">\n\t\t\t\t\t<h3 class=\"the7-heading-title elementor-size-default\">Progresso attraverso l'innovazione<\/h3>\t\t\t\t<\/div>\n\t\t\t\t<\/div>\n\t\t\t\t<div class=\"elementor-element elementor-element-b06e93f elementor-widget elementor-widget-global elementor-global-16758 elementor-widget-spacer\" data-id=\"b06e93f\" data-element_type=\"widget\" data-widget_type=\"spacer.default\">\n\t\t\t\t<div class=\"elementor-widget-container\">\n\t\t\t\t\t\t\t<div class=\"elementor-spacer\">\n\t\t\t<div class=\"elementor-spacer-inner\"><\/div>\n\t\t<\/div>\n\t\t\t\t\t\t<\/div>\n\t\t\t\t<\/div>\n\t\t\t\t\t<\/div>\n\t\t\t\t<\/div>\n\t\t<div class=\"elementor-element elementor-element-aceeffd e-flex e-con-boxed e-con e-child\" data-id=\"aceeffd\" data-element_type=\"container\">\n\t\t\t\t\t<div class=\"e-con-inner\">\n\t\t<div class=\"elementor-element elementor-element-bc9a351 e-con-full e-flex e-con e-child\" data-id=\"bc9a351\" data-element_type=\"container\" data-settings=\"{&quot;background_background&quot;:&quot;classic&quot;}\">\n\t\t<div class=\"elementor-element elementor-element-87d48a9 e-con-full e-flex e-con e-child\" data-id=\"87d48a9\" data-element_type=\"container\">\n\t\t\t\t<div class=\"elementor-element elementor-element-716fde9 elementor-widget-tablet__width-inherit elementor-widget elementor-widget-the7-heading\" data-id=\"716fde9\" data-element_type=\"widget\" data-widget_type=\"the7-heading.default\">\n\t\t\t\t<div class=\"elementor-widget-container\">\n\t\t\t\t\t<h3 class=\"the7-heading-title elementor-size-default\">L'ingegneria meccanica incontra la pulizia con ghiaccio secco<\/h3>\t\t\t\t<\/div>\n\t\t\t\t<\/div>\n\t\t\t\t<div class=\"elementor-element elementor-element-831938e elementor-widget-tablet__width-inherit elementor-widget elementor-widget-text-editor\" data-id=\"831938e\" data-element_type=\"widget\" data-widget_type=\"text-editor.default\">\n\t\t\t\t<div class=\"elementor-widget-container\">\n\t\t\t\t\t\t\t\t\tCon oltre 20 anni di esperienza in ingegneria meccanica, rappresentiamo qualit\u00e0, affidabilit\u00e0 e tecnologie ben progettate. Dal 2018, ci dedichiamo alla tecnologia di sabbiatura con ghiaccio secco e abbiamo gi\u00e0 sviluppato un brevetto nel 2019 che stabilisce nuovi standard.\t\t\t\t\t\t\t\t<\/div>\n\t\t\t\t<\/div>\n\t\t<div class=\"elementor-element elementor-element-c1b8ca6 e-grid e-con-boxed e-con e-child\" data-id=\"c1b8ca6\" data-element_type=\"container\">\n\t\t\t\t\t<div class=\"e-con-inner\">\n\t\t<div class=\"elementor-element elementor-element-cded331 e-con-full e-flex e-con e-child\" data-id=\"cded331\" data-element_type=\"container\">\n\t\t\t\t<div class=\"elementor-element elementor-element-6524f4d elementor-widget elementor-widget-the7-heading\" data-id=\"6524f4d\" data-element_type=\"widget\" data-widget_type=\"the7-heading.default\">\n\t\t\t\t<div class=\"elementor-widget-container\">\n\t\t\t\t\t<h5 class=\"the7-heading-title elementor-size-default\">20+<\/h5>\t\t\t\t<\/div>\n\t\t\t\t<\/div>\n\t\t\t\t<div class=\"elementor-element elementor-element-a22eca1 elementor-widget elementor-widget-the7-heading\" data-id=\"a22eca1\" data-element_type=\"widget\" data-widget_type=\"the7-heading.default\">\n\t\t\t\t<div class=\"elementor-widget-container\">\n\t\t\t\t\t<h5 class=\"the7-heading-title elementor-size-default\">Anni di esperienza in ingegneria meccanica<\/h5>\t\t\t\t<\/div>\n\t\t\t\t<\/div>\n\t\t\t\t<\/div>\n\t\t<div class=\"elementor-element elementor-element-890d0c9 e-con-full e-flex e-con e-child\" data-id=\"890d0c9\" data-element_type=\"container\">\n\t\t\t\t<div class=\"elementor-element elementor-element-1bd6f46 elementor-widget elementor-widget-the7-heading\" data-id=\"1bd6f46\" data-element_type=\"widget\" data-widget_type=\"the7-heading.default\">\n\t\t\t\t<div class=\"elementor-widget-container\">\n\t\t\t\t\t<h6 class=\"the7-heading-title elementor-size-default\">5+<\/h6>\t\t\t\t<\/div>\n\t\t\t\t<\/div>\n\t\t\t\t<div class=\"elementor-element elementor-element-90117c0 elementor-widget elementor-widget-the7-heading\" data-id=\"90117c0\" data-element_type=\"widget\" data-widget_type=\"the7-heading.default\">\n\t\t\t\t<div class=\"elementor-widget-container\">\n\t\t\t\t\t<h5 class=\"the7-heading-title elementor-size-default\">Anni di esperienza nel ghiaccio secco<\/h5>\t\t\t\t<\/div>\n\t\t\t\t<\/div>\n\t\t\t\t<\/div>\n\t\t<div class=\"elementor-element elementor-element-8d95200 e-con-full e-flex e-con e-child\" data-id=\"8d95200\" data-element_type=\"container\">\n\t\t\t\t<div class=\"elementor-element elementor-element-78cdecc elementor-widget elementor-widget-the7-heading\" data-id=\"78cdecc\" data-element_type=\"widget\" data-widget_type=\"the7-heading.default\">\n\t\t\t\t<div class=\"elementor-widget-container\">\n\t\t\t\t\t<h6 class=\"the7-heading-title elementor-size-default\">1<\/h6>\t\t\t\t<\/div>\n\t\t\t\t<\/div>\n\t\t\t\t<div class=\"elementor-element elementor-element-4ee9c57 elementor-widget elementor-widget-the7-heading\" data-id=\"4ee9c57\" data-element_type=\"widget\" data-widget_type=\"the7-heading.default\">\n\t\t\t\t<div class=\"elementor-widget-container\">\n\t\t\t\t\t<h5 class=\"the7-heading-title elementor-size-default\">Brevetto<\/h5>\t\t\t\t<\/div>\n\t\t\t\t<\/div>\n\t\t\t\t<\/div>\n\t\t\t\t\t<\/div>\n\t\t\t\t<\/div>\n\t\t\t\t<\/div>\n\t\t\t\t<div class=\"elementor-element elementor-element-25c4682 elementor-widget__width-initial content-align-right the7-hover-visibility-disabled preserve-img-ratio-cover transform-overlay-yes exceeding-frame-yes elementor-widget elementor-widget-the7-image-widget\" data-id=\"25c4682\" data-element_type=\"widget\" data-settings=\"{&quot;hover_visibility&quot;:&quot;disabled&quot;}\" data-widget_type=\"the7-image-widget.default\">\n\t\t\t\t<div class=\"elementor-widget-container\">\n\t\t\t\t\t<div class=\"the7-image-container\"><div class=\"the7-image-wrapper the7-elementor-widget the7-transform-container\"><div class=\"post-thumbnail-rollover layzr-bg img-css-resize-wrapper\"><img fetchpriority=\"high\" decoding=\"async\" width=\"1275\" height=\"850\" src=\"data:image\/svg+xml,%3Csvg%20xmlns%3D&#039;http%3A%2F%2Fwww.w3.org%2F2000%2Fsvg&#039;%20viewBox%3D&#039;0%200%201275%20850&#039;%2F%3E\" class=\"attachment-full size-full preload-me aspect lazy lazy-load\" alt=\"\" sizes=\"(max-width: 1275px) 100vw, 1275px\" style=\"--ratio: 1275 \/ 850;\" data-src=\"https:\/\/schimmeldid.com\/wp-content\/uploads\/2025\/01\/3d-zeichnung-schimmel.webp\" loading=\"eager\" data-srcset=\"https:\/\/schimmeldid.com\/wp-content\/uploads\/2025\/01\/3d-zeichnung-schimmel.webp 1275w, https:\/\/schimmeldid.com\/wp-content\/uploads\/2025\/01\/3d-zeichnung-schimmel-300x200.webp 300w, https:\/\/schimmeldid.com\/wp-content\/uploads\/2025\/01\/3d-zeichnung-schimmel-1024x683.webp 1024w, https:\/\/schimmeldid.com\/wp-content\/uploads\/2025\/01\/3d-zeichnung-schimmel-768x512.webp 768w, https:\/\/schimmeldid.com\/wp-content\/uploads\/2025\/01\/3d-zeichnung-schimmel-1000x667.webp 1000w\" \/><\/div><\/div><\/div>\t\t\t\t<\/div>\n\t\t\t\t<\/div>\n\t\t\t\t<\/div>\n\t\t<div class=\"elementor-element elementor-element-972b022 e-con-full e-flex e-con e-child\" data-id=\"972b022\" data-element_type=\"container\">\n\t\t\t\t<div class=\"elementor-element elementor-element-a3826b2 elementor-widget__width-initial content-align-left the7-hover-visibility-disabled preserve-img-ratio-cover transform-overlay-yes exceeding-frame-yes elementor-widget elementor-widget-the7-image-widget\" data-id=\"a3826b2\" data-element_type=\"widget\" data-settings=\"{&quot;hover_visibility&quot;:&quot;disabled&quot;}\" data-widget_type=\"the7-image-widget.default\">\n\t\t\t\t<div class=\"elementor-widget-container\">\n\t\t\t\t\t<div class=\"the7-image-container\"><div class=\"the7-image-wrapper the7-elementor-widget the7-transform-container\"><div class=\"post-thumbnail-rollover layzr-bg img-css-resize-wrapper\"><img decoding=\"async\" width=\"900\" height=\"600\" src=\"data:image\/svg+xml,%3Csvg%20xmlns%3D&#039;http%3A%2F%2Fwww.w3.org%2F2000%2Fsvg&#039;%20viewBox%3D&#039;0%200%20900%20600&#039;%2F%3E\" class=\"attachment-full size-full preload-me aspect lazy lazy-load\" alt=\"\" sizes=\"(max-width: 900px) 100vw, 900px\" style=\"--ratio: 900 \/ 600;\" data-src=\"https:\/\/schimmeldid.com\/wp-content\/uploads\/2025\/01\/schimmel-trockeneisstrahlpistole.webp\" loading=\"eager\" data-srcset=\"https:\/\/schimmeldid.com\/wp-content\/uploads\/2025\/01\/schimmel-trockeneisstrahlpistole.webp 900w, https:\/\/schimmeldid.com\/wp-content\/uploads\/2025\/01\/schimmel-trockeneisstrahlpistole-300x200.webp 300w, https:\/\/schimmeldid.com\/wp-content\/uploads\/2025\/01\/schimmel-trockeneisstrahlpistole-768x512.webp 768w\" \/><\/div><\/div><\/div>\t\t\t\t<\/div>\n\t\t\t\t<\/div>\n\t\t<div class=\"elementor-element elementor-element-1fe8385 e-con-full e-flex e-con e-child\" data-id=\"1fe8385\" data-element_type=\"container\">\n\t\t\t\t<div class=\"elementor-element elementor-element-3c6c6f0 elementor-widget-tablet__width-inherit elementor-widget elementor-widget-the7-heading\" data-id=\"3c6c6f0\" data-element_type=\"widget\" data-widget_type=\"the7-heading.default\">\n\t\t\t\t<div class=\"elementor-widget-container\">\n\t\t\t\t\t<h3 class=\"the7-heading-title elementor-size-default\">Innovativo, a bassa manutenzione e affidabile<\/h3>\t\t\t\t<\/div>\n\t\t\t\t<\/div>\n\t\t\t\t<div class=\"elementor-element elementor-element-5c4844f elementor-widget-tablet__width-inherit elementor-widget elementor-widget-text-editor\" data-id=\"5c4844f\" data-element_type=\"widget\" data-widget_type=\"text-editor.default\">\n\t\t\t\t<div class=\"elementor-widget-container\">\n\t\t\t\t\t\t\t\t\t<p>Le nostre macchine per la pulizia con ghiaccio secco funzionano senza meccanica mobile, cilindri pneumatici o elettricit\u00e0. Un vantaggio decisivo, poich\u00e9 le maggiori sfide nelle macchine per la pulizia con ghiaccio secco \u2013 come il congelamento e i componenti soggetti a manutenzione frequente \u2013 vengono risolte con un design innovativo: il ghiaccio secco viene aspirato dall'alto, invece di passare dal fondo del contenitore. Ci\u00f2 consente alla macchina di rimanere operativa anche dopo lunghe pause fino a cinque ore.<\/p>\t\t\t\t\t\t\t\t<\/div>\n\t\t\t\t<\/div>\n\t\t\t\t<\/div>\n\t\t\t\t<\/div>\n\t\t<div class=\"elementor-element elementor-element-08b9b78 e-con-full e-flex e-con e-child\" data-id=\"08b9b78\" data-element_type=\"container\" data-settings=\"{&quot;background_background&quot;:&quot;classic&quot;}\">\n\t\t<div class=\"elementor-element elementor-element-3616015 e-con-full e-flex e-con e-child\" data-id=\"3616015\" data-element_type=\"container\">\n\t\t\t\t<div class=\"elementor-element elementor-element-c9ab65e elementor-widget-tablet__width-inherit elementor-widget elementor-widget-the7-heading\" data-id=\"c9ab65e\" data-element_type=\"widget\" data-widget_type=\"the7-heading.default\">\n\t\t\t\t<div class=\"elementor-widget-container\">\n\t\t\t\t\t<h3 class=\"the7-heading-title elementor-size-default\">Sistema di ugelli rivoluzionario<\/h3>\t\t\t\t<\/div>\n\t\t\t\t<\/div>\n\t\t\t\t<div class=\"elementor-element elementor-element-7dc71b0 elementor-widget-tablet__width-inherit elementor-widget elementor-widget-text-editor\" data-id=\"7dc71b0\" data-element_type=\"widget\" data-widget_type=\"text-editor.default\">\n\t\t\t\t<div class=\"elementor-widget-container\">\n\t\t\t\t\t\t\t\t\t<p>Il nostro sistema di ugelli, sviluppato nel 2019, si distingue per la flessibilit\u00e0 e la velocit\u00e0 nel cambio degli ugelli. Il sistema modulare consente di realizzare ugelli a getto piatto personalizzati in base alle esigenze del cliente, mentre il blocco ultra-rapido degli ugelli permette di cambiare gli ugelli in pochi secondi. Questo sistema \u00e8 cos\u00ec ben progettato che \u00e8 stato copiato da altri produttori, un chiaro segno che stiamo seguendo la strada giusta con le nostre idee.<\/p>\t\t\t\t\t\t\t\t<\/div>\n\t\t\t\t<\/div>\n\t\t\t\t<\/div>\n\t\t\t\t<div class=\"elementor-element elementor-element-300a308 elementor-widget__width-initial content-align-right the7-hover-visibility-disabled preserve-img-ratio-cover transform-overlay-yes exceeding-frame-yes elementor-widget elementor-widget-the7-image-widget\" data-id=\"300a308\" data-element_type=\"widget\" data-settings=\"{&quot;hover_visibility&quot;:&quot;disabled&quot;}\" data-widget_type=\"the7-image-widget.default\">\n\t\t\t\t<div class=\"elementor-widget-container\">\n\t\t\t\t\t<div class=\"the7-image-container\"><div class=\"the7-image-wrapper the7-elementor-widget the7-transform-container\"><div class=\"post-thumbnail-rollover layzr-bg img-css-resize-wrapper\"><img decoding=\"async\" width=\"600\" height=\"600\" src=\"data:image\/svg+xml,%3Csvg%20xmlns%3D&#039;http%3A%2F%2Fwww.w3.org%2F2000%2Fsvg&#039;%20viewBox%3D&#039;0%200%20600%20600&#039;%2F%3E\" class=\"attachment-full size-full preload-me aspect lazy lazy-load\" alt=\"\" sizes=\"(max-width: 600px) 100vw, 600px\" style=\"--ratio: 600 \/ 600;\" data-src=\"https:\/\/schimmeldid.com\/wp-content\/uploads\/2024\/06\/strahlduesen-q.webp\" loading=\"eager\" data-srcset=\"https:\/\/schimmeldid.com\/wp-content\/uploads\/2024\/06\/strahlduesen-q.webp 600w, https:\/\/schimmeldid.com\/wp-content\/uploads\/2024\/06\/strahlduesen-q-300x300.webp 300w, https:\/\/schimmeldid.com\/wp-content\/uploads\/2024\/06\/strahlduesen-q-150x150.webp 150w, https:\/\/schimmeldid.com\/wp-content\/uploads\/2024\/06\/strahlduesen-q-200x200.webp 200w\" \/><\/div><\/div><\/div>\t\t\t\t<\/div>\n\t\t\t\t<\/div>\n\t\t\t\t<\/div>\n\t\t<div class=\"elementor-element elementor-element-1939eee e-con-full e-flex e-con e-child\" data-id=\"1939eee\" data-element_type=\"container\">\n\t\t\t\t<div class=\"elementor-element elementor-element-8ecf278 elementor-widget__width-initial content-align-left the7-hover-visibility-disabled preserve-img-ratio-cover transform-overlay-yes exceeding-frame-yes elementor-widget elementor-widget-the7-image-widget\" data-id=\"8ecf278\" data-element_type=\"widget\" data-settings=\"{&quot;hover_visibility&quot;:&quot;disabled&quot;}\" data-widget_type=\"the7-image-widget.default\">\n\t\t\t\t<div class=\"elementor-widget-container\">\n\t\t\t\t\t<div class=\"the7-image-container\"><div class=\"the7-image-wrapper the7-elementor-widget the7-transform-container\"><div class=\"post-thumbnail-rollover layzr-bg img-css-resize-wrapper\"><img decoding=\"async\" width=\"800\" height=\"533\" src=\"data:image\/svg+xml,%3Csvg%20xmlns%3D&#039;http%3A%2F%2Fwww.w3.org%2F2000%2Fsvg&#039;%20viewBox%3D&#039;0%200%20800%20533&#039;%2F%3E\" class=\"attachment-full size-full preload-me aspect lazy lazy-load\" alt=\"\" sizes=\"(max-width: 800px) 100vw, 800px\" style=\"--ratio: 800 \/ 533;\" data-src=\"https:\/\/schimmeldid.com\/wp-content\/uploads\/2025\/01\/material-2.webp\" loading=\"eager\" data-srcset=\"https:\/\/schimmeldid.com\/wp-content\/uploads\/2025\/01\/material-2.webp 800w, https:\/\/schimmeldid.com\/wp-content\/uploads\/2025\/01\/material-2-300x200.webp 300w, https:\/\/schimmeldid.com\/wp-content\/uploads\/2025\/01\/material-2-768x512.webp 768w\" \/><\/div><\/div><\/div>\t\t\t\t<\/div>\n\t\t\t\t<\/div>\n\t\t<div class=\"elementor-element elementor-element-0ae8155 e-con-full e-flex e-con e-child\" data-id=\"0ae8155\" data-element_type=\"container\">\n\t\t\t\t<div class=\"elementor-element elementor-element-c9c1ab3 elementor-widget-tablet__width-inherit elementor-widget elementor-widget-the7-heading\" data-id=\"c9c1ab3\" data-element_type=\"widget\" data-widget_type=\"the7-heading.default\">\n\t\t\t\t<div class=\"elementor-widget-container\">\n\t\t\t\t\t<h3 class=\"the7-heading-title elementor-size-default\"><h3 class=\"the7-heading-title elementor-size-default\" style=\"padding: 0px; margin: 0px; clear: none; color: var(--the7-h3-color); font-style: normal; font-variant-caps: normal; font-weight: ; font-stretch: ; font-size: ; line-height: ; font-family: Sora, sans-serif; font-size-adjust: ; font-kerning: ; font-variant-alternates: ; font-variant-ligatures: ; font-variant-numeric: ; font-variant-east-asian: ; font-variant-position: ; font-variant-emoji: ; font-feature-settings: ; font-optical-sizing: ; font-variation-settings: ; text-transform: none; letter-spacing: normal; word-spacing: 0px; text-decoration: none; box-sizing: border-box; transition: color 0.3s, text-shadow 0.3s; text-decoration-style: solid; orphans: auto; text-align: left; text-indent: 0px; white-space: normal; widows: auto; -webkit-text-stroke-width: 0px;\">Perch\u00e9 siamo diversi<\/h3><\/h3>\t\t\t\t<\/div>\n\t\t\t\t<\/div>\n\t\t\t\t<div class=\"elementor-element elementor-element-924034f elementor-widget-tablet__width-inherit elementor-widget elementor-widget-text-editor\" data-id=\"924034f\" data-element_type=\"widget\" data-widget_type=\"text-editor.default\">\n\t\t\t\t<div class=\"elementor-widget-container\">\n\t\t\t\t\t\t\t\t\t<p>Le nostre macchine per la pulizia con ghiaccio secco non sono solo potenti, ma anche a bassa manutenzione e progettate per la sostenibilit\u00e0. Evitiamo i materiali plastici il pi\u00f9 possibile \u2013 niente involucri in plastica! Affrontiamo le sfide del settore con soluzioni creative e garantiamo che efficienza e durata vadano di pari passo.<br \/><br \/>Se stai cercando una macchina affidabile, semplice e lungimirante, sei nel posto giusto.<\/p>\t\t\t\t\t\t\t\t<\/div>\n\t\t\t\t<\/div>\n\t\t\t\t<\/div>\n\t\t\t\t<\/div>\n\t\t\t\t\t<\/div>\n\t\t\t\t<\/div>\n\t\t\t\t<\/div>\n\t\t\t\t<\/div>","protected":false},"excerpt":{"rendered":"<p>Fortschritt durch Innovazione Maschinenbau trifft Trockeneisreinigung Mit \u00fcber zwei Jahrzehnten Erfahrung im Maschinenbau stehen wir f\u00fcr Qualit\u00e4t, Zuverl\u00e4ssigkeit und durchdachte Technologien. Dal 2018, ci siamo dedicati alla tecnologia di sabbiatura del ghiaccio secco e abbiamo gi\u00e0 sviluppato un brevetto nel 2019 che stabilisce nuovi standard. 20+ anni di esperienza nell'ingegneria meccanica 5+ anni di esperienza nel ghiaccio secco 1 Brevetto Innovativo, a bassa manutenzione e...<\/p>","protected":false},"author":1,"featured_media":0,"parent":0,"menu_order":5,"comment_status":"closed","ping_status":"closed","template":"","meta":{"_seopress_robots_primary_cat":"","_seopress_titles_title":"","_seopress_titles_desc":"","_seopress_robots_index":"","footnotes":""},"class_list":["post-15198","page","type-page","status-publish","hentry"],"_links":{"self":[{"href":"https:\/\/schimmeldid.com\/it\/wp-json\/wp\/v2\/pages\/15198","targetHints":{"allow":["GET"]}}],"collection":[{"href":"https:\/\/schimmeldid.com\/it\/wp-json\/wp\/v2\/pages"}],"about":[{"href":"https:\/\/schimmeldid.com\/it\/wp-json\/wp\/v2\/types\/page"}],"author":[{"embeddable":true,"href":"https:\/\/schimmeldid.com\/it\/wp-json\/wp\/v2\/users\/1"}],"replies":[{"embeddable":true,"href":"https:\/\/schimmeldid.com\/it\/wp-json\/wp\/v2\/comments?post=15198"}],"version-history":[{"count":22,"href":"https:\/\/schimmeldid.com\/it\/wp-json\/wp\/v2\/pages\/15198\/revisions"}],"predecessor-version":[{"id":20375,"href":"https:\/\/schimmeldid.com\/it\/wp-json\/wp\/v2\/pages\/15198\/revisions\/20375"}],"wp:attachment":[{"href":"https:\/\/schimmeldid.com\/it\/wp-json\/wp\/v2\/media?parent=15198"}],"curies":[{"name":"wp","href":"https:\/\/api.w.org\/{rel}","templated":true}]}}